{"id":80,"date":"2019-12-19T17:02:56","date_gmt":"2019-12-19T17:02:56","guid":{"rendered":"https:\/\/velamethod.com\/home\/"},"modified":"2021-12-02T12:29:21","modified_gmt":"2021-12-02T12:29:21","slug":"home","status":"publish","type":"page","link":"https:\/\/velamethod.com\/de\/","title":{"rendered":"Startseite"},"content":{"rendered":"<div class='flex_column av-1mj6p-e3de45758d352982ebe63743ed325f69 av_one_full  avia-builder-el-0  el_before_av_one_full  avia-builder-el-first  first flex_column_div '   ><section  class='av_textblock_section av-qm19-4a71ae6b322d9cd307927ed37ad0cab0 '  itemscope=\"itemscope\" itemtype=\"https:\/\/schema.org\/CreativeWork\" ><div class='avia_textblock '  itemprop=\"text\" ><h1>Vicen Hernandez &#8211; Vela Method<\/h1>\n<\/div><\/section><br \/>\n\n<style type=\"text\/css\" data-created_by=\"avia_inline_auto\" id=\"style-css-av-kwov1zkp-8a778427aa2d2bc9dce1900d0858b0ae\">\n#top .hr.av-kwov1zkp-8a778427aa2d2bc9dce1900d0858b0ae{\nmargin-top:10px;\nmargin-bottom:10px;\n}\n.hr.av-kwov1zkp-8a778427aa2d2bc9dce1900d0858b0ae .hr-inner{\nwidth:100%;\n}\n<\/style>\n<div  class='hr av-kwov1zkp-8a778427aa2d2bc9dce1900d0858b0ae hr-custom  avia-builder-el-2  el_after_av_textblock  el_before_av_textblock  hr-center hr-icon-no '><span class='hr-inner inner-border-av-border-thin'><span class=\"hr-inner-style\"><\/span><\/span><\/div><br \/>\n<section  class='av_textblock_section av-kwousrw8-46f1620cf227a724d95dbe92028106f6 '  itemscope=\"itemscope\" itemtype=\"https:\/\/schema.org\/CreativeWork\" ><div class='avia_textblock '  itemprop=\"text\" ><h2>ZUSAMMENFASSUNG<\/h2>\n<p>Vela ist eine neue Methode zur Aush\u00e4rtung <strong>mit W\u00e4rmeimpulsen<\/strong>.<\/p>\n<p>Wir induzieren einen lokalen fieberartigen Zustand, <strong>um das Geweberegenerationssystem des K\u00f6rpers zu aktivieren<\/strong>.<\/p>\n<p>Zu den Heilanwendungen geh\u00f6ren <strong>Osteoarthritis, Rheuma, Wundheilung, Schmerzlinderung und kosmetische Anwendungen<\/strong>.<\/p>\n<\/div><\/section><br \/>\n<section  class='av_textblock_section av-kwoux5c7-858d8cc6bc705c0a09a797cb8dc4b6db '  itemscope=\"itemscope\" itemtype=\"https:\/\/schema.org\/CreativeWork\" ><div class='avia_textblock '  itemprop=\"text\" ><h2>WO SIND WIR HEUTE<\/h2>\n<p>Die Vela Methode wurde <strong>erfolgreich<\/strong> getestet.<\/p>\n<p><strong>Das Patent wurde angemeldet<\/strong> und das Verfahren auf mehreren Veranstaltungen gezeigt.<\/p>\n<p>Die n\u00e4chsten erforderlichen Schritte sind <strong>die klinische Validierung, das industrielle Prototyping und das Marketing<\/strong>.<\/p>\n<\/div><\/section><br \/>\n<section  class='av_textblock_section av-kwouy1e7-0ff2c7cb88fdcc35a417af21adfe514c '  itemscope=\"itemscope\" itemtype=\"https:\/\/schema.org\/CreativeWork\" ><div class='avia_textblock '  itemprop=\"text\" ><h2>K\u00dcRZLICHE AKTIVIT\u00c4TEN<\/h2>\n<p>Ver\u00f6ffentlichtes Buch \u00fcber die Vela-Methode<br \/>\nHeilen mit W\u00e4rme \/ Curar con calor \/ Curing Fire (2019):<\/p>\n<p>World Arthritis Congress (Wien, Mai 2020)<br \/>\nZusammenfassung zur Heilung von Fingerarthrose durch die Vela-Methode akzeptiert<\/p>\n<p>Medica (D\u00fcsseldorf, November 2019)<br \/>\nBesuch der weltgr\u00f6\u00dften Medizinger\u00e4temesse, um Industriekontakte f\u00fcr die Konstruktion eines Serienprototyps zu kn\u00fcpfen<\/p>\n<p>SLUSH Startup-Meeting (Helsinki, Dezember 2021)<br \/>\nVorstellung der Vela-Methode bei der Suche nach Startkapital<\/p>\n<p>Klinisch Studie 2022 mit Tufts University, Boston (erwartet)<\/p>\n<\/div><\/section><br \/>\n<section  class='av_textblock_section av-kwov1fac-47a55133225468f5b304e252e916ee8b '  itemscope=\"itemscope\" itemtype=\"https:\/\/schema.org\/CreativeWork\" ><div class='avia_textblock '  itemprop=\"text\" ><p>Kontaktmail: <a href=\"mailto:info@velamethod.com\">info@velamethod.com<\/a><\/p>\n<\/div><\/section><\/p><\/div>\n<style type=\"text\/css\" data-created_by=\"avia_inline_auto\" id=\"style-css-av-104e9-5c8fdca100fb702b5a11e3e0b1789507\">\n.flex_column.av-104e9-5c8fdca100fb702b5a11e3e0b1789507{\nborder-radius:0px 0px 0px 0px;\n-webkit-border-radius:0px 0px 0px 0px;\n-moz-border-radius:0px 0px 0px 0px;\n}\n<\/style>\n<div class='flex_column av-104e9-5c8fdca100fb702b5a11e3e0b1789507 av_one_full  avia-builder-el-7  el_after_av_one_full  el_before_av_one_fourth  first flex_column_div av-zero-column-padding column-top-margin'   ><section  class='av_textblock_section av-k4d66xzd-ed678d7483847226ff55b43dace769bb '  itemscope=\"itemscope\" itemtype=\"https:\/\/schema.org\/CreativeWork\" ><div class='avia_textblock '  itemprop=\"text\" ><a href=\"https:\/\/velamethod.com\/book\/HeilenMitWaerme_2019A5copyshort.pdf\" class=\"pdfemb-viewer\" style=\"\" data-width=\"max\" data-height=\"max\"  data-toolbar=\"bottom\" data-toolbar-fixed=\"off\">HeilenMitWaerme_2019A5copyshort<br\/><\/a>\n<\/div><\/section><\/div><\/p>\n\n<style type=\"text\/css\" data-created_by=\"avia_inline_auto\" id=\"style-css-av-2cwst-e421da8f5f923d4005e47db279e07719\">\n.flex_column.av-2cwst-e421da8f5f923d4005e47db279e07719{\nborder-radius:0px 0px 0px 0px;\n-webkit-border-radius:0px 0px 0px 0px;\n-moz-border-radius:0px 0px 0px 0px;\n}\n<\/style>\n<div class='flex_column av-2cwst-e421da8f5f923d4005e47db279e07719 av_one_fourth  avia-builder-el-9  el_after_av_one_full  el_before_av_one_half  first flex_column_div av-hide-on-mobile av-zero-column-padding column-top-margin'   ><style type=\"text\/css\" data-created_by=\"avia_inline_auto\" id=\"style-css-av-k4edvfbn-1fb5cc5946838be76186e8fb3120c259\">\n.avia-image-container.av-k4edvfbn-1fb5cc5946838be76186e8fb3120c259 .av-image-caption-overlay-center{\ncolor:#ffffff;\n}\n<\/style>\n<div  class='avia-image-container av-k4edvfbn-1fb5cc5946838be76186e8fb3120c259 av-styling- avia-align-center  avia-builder-el-10  avia-builder-el-no-sibling  '  itemprop=\"image\" itemscope=\"itemscope\" itemtype=\"https:\/\/schema.org\/ImageObject\" ><div class=\"avia-image-container-inner\"><div class=\"avia-image-overlay-wrap\"><img class='wp-image-81 avia-img-lazy-loading-not-81 avia_image' src=\"https:\/\/velamethod.com\/wp-content\/uploads\/2019\/12\/HeilenMitWaerme_cover01.jpg\" alt='' title='HeilenMitWaerme_cover01'  height=\"424\" width=\"301\"  itemprop=\"thumbnailUrl\" srcset=\"https:\/\/velamethod.com\/wp-content\/uploads\/2019\/12\/HeilenMitWaerme_cover01.jpg 301w, https:\/\/velamethod.com\/wp-content\/uploads\/2019\/12\/HeilenMitWaerme_cover01-213x300.jpg 213w\" sizes=\"(max-width: 301px) 100vw, 301px\" \/><\/div><\/div><\/div><\/div>\n\n<style type=\"text\/css\" data-created_by=\"avia_inline_auto\" id=\"style-css-av-1er65-b753fdb2b3361c18efa7b93d9335d4a3\">\n.flex_column.av-1er65-b753fdb2b3361c18efa7b93d9335d4a3{\nborder-radius:0px 0px 0px 0px;\n-webkit-border-radius:0px 0px 0px 0px;\n-moz-border-radius:0px 0px 0px 0px;\n}\n<\/style>\n<div class='flex_column av-1er65-b753fdb2b3361c18efa7b93d9335d4a3 av_one_half  avia-builder-el-11  el_after_av_one_fourth  el_before_av_one_fourth  flex_column_div av-zero-column-padding column-top-margin'   ><p><section  class='av_textblock_section av-k4ed8as1-b637625abfdf15cf7990865c1d897aa0 '  itemscope=\"itemscope\" itemtype=\"https:\/\/schema.org\/CreativeWork\" ><div class='avia_textblock '  itemprop=\"text\" ><div class=\"frm_forms  with_frm_style frm_style_formidable-style\" id=\"frm_form_3_container\" >\n<form enctype=\"multipart\/form-data\" method=\"post\" class=\"frm-show-form  frm_pro_form \" id=\"form_buythebook\"  >\n<div class=\"frm_form_fields \">\n<fieldset>\n<legend class=\"frm_screen_reader\">Buy the Book<\/legend>\r\n\r\n<div class=\"frm_description\"><p>Buy the book<\/p>\n<\/div><div class=\"frm_fields_container\">\n<input type=\"hidden\" name=\"frm_action\" value=\"create\" \/>\n<input type=\"hidden\" name=\"form_id\" value=\"3\" \/>\n<input type=\"hidden\" name=\"frm_hide_fields_3\" id=\"frm_hide_fields_3\" value=\"\" \/>\n<input type=\"hidden\" name=\"form_key\" value=\"buythebook\" \/>\n<input type=\"hidden\" name=\"item_meta[0]\" value=\"\" \/>\n<input type=\"hidden\" id=\"frm_submit_entry_3\" name=\"frm_submit_entry_3\" value=\"b186218f70\" \/><input type=\"hidden\" name=\"_wp_http_referer\" value=\"\/de\/wp-json\/wp\/v2\/pages\/80\" \/><div id=\"frm_field_12_container\" class=\"frm_form_field form-field  frm_required_field frm_top_container\">\r\n    <label for=\"field_jkzy9\" id=\"field_jkzy9_label\" class=\"frm_primary_label\">Name\r\n        <span class=\"frm_required\">*<\/span>\r\n    <\/label>\r\n    <input type=\"text\" id=\"field_jkzy9\" name=\"item_meta[12]\" value=\"\"  data-reqmsg=\"Dieses Feld darf nicht leer sein.\" aria-required=\"true\" data-invmsg=\"Text is invalid\" aria-invalid=\"false\"  \/>\r\n    \r\n    \r\n<\/div>\n<div id=\"frm_field_13_container\" class=\"frm_form_field form-field  frm_required_field frm_top_container\">\r\n    <label for=\"field_fikmg\" id=\"field_fikmg_label\" class=\"frm_primary_label\">Email\r\n        <span class=\"frm_required\">*<\/span>\r\n    <\/label>\r\n    <input type=\"email\" id=\"field_fikmg\" name=\"item_meta[13]\" value=\"\"  data-reqmsg=\"Dieses Feld darf nicht leer sein.\" aria-required=\"true\" data-invmsg=\"Email is invalid\" aria-invalid=\"false\"  \/>\r\n    \r\n    \r\n<\/div>\n\t<input type=\"hidden\" name=\"item_key\" value=\"\" \/>\n\t\t\t\t<div class=\"frm_verify\" aria-hidden=\"true\">\n\t\t\t\t<label for=\"frm_email_3\">\n\t\t\t\t\tFalls Du menschlich bist, lasse dieses Feld leer.\t\t\t\t<\/label>\n\t\t\t\t<input type=\"text\" class=\"frm_verify\" id=\"frm_email_3\" name=\"frm_verify\" value=\"\"  \/>\n\t\t\t<\/div>\n\t\t<input name=\"frm_state\" type=\"hidden\" value=\"9pm\/Whhmtfgc1yXGBl5G5qocpXHdyR3IWMMa43GScEc=\" \/><div class=\"frm_submit\">\r\n\r\n<button class=\"frm_button_submit frm_final_submit\" type=\"submit\"   formnovalidate=\"formnovalidate\">Submit<\/button>\r\n\r\n<\/div><\/div>\n<\/fieldset>\n<\/div>\n<\/form>\n<\/div>\n\n<\/div><\/section><br \/>\n<div  class='hr av-1jst1-2b7b894df4d4b381bd8a6659f6488314 hr-default  avia-builder-el-13  el_after_av_textblock  el_before_av_textblock  '><span class='hr-inner '><span class=\"hr-inner-style\"><\/span><\/span><\/div><br \/>\n<section  class='av_textblock_section av-k4d6eetu-b9fc167b62a028e3c8c98de2d17bf4a3 '  itemscope=\"itemscope\" itemtype=\"https:\/\/schema.org\/CreativeWork\" ><div class='avia_textblock '  itemprop=\"text\" ><p style=\"text-align: center;\"><strong>Kontakt<\/strong><\/p>\n<p style=\"text-align: center;\">Metmarkets GmbH&#038;CoKG<\/p>\n<p style=\"text-align: center;\">Muehlenstrasse 51<\/p>\n<p style=\"text-align: center;\">45473 Muelheim<\/p>\n<\/div><\/section><br \/>\n<div  class='hr av-1jst1-2b7b894df4d4b381bd8a6659f6488314 hr-default  avia-builder-el-15  el_after_av_textblock  avia-builder-el-last  '><span class='hr-inner '><span class=\"hr-inner-style\"><\/span><\/span><\/div><\/p><\/div>\n\n<style type=\"text\/css\" data-created_by=\"avia_inline_auto\" id=\"style-css-av-rwn1-c237e3f532621cf6b8d06e20e0a3dd17\">\n.flex_column.av-rwn1-c237e3f532621cf6b8d06e20e0a3dd17{\nborder-radius:0px 0px 0px 0px;\n-webkit-border-radius:0px 0px 0px 0px;\n-moz-border-radius:0px 0px 0px 0px;\n}\n<\/style>\n<div class='flex_column av-rwn1-c237e3f532621cf6b8d06e20e0a3dd17 av_one_fourth  avia-builder-el-16  el_after_av_one_half  avia-builder-el-last  flex_column_div av-zero-column-padding column-top-margin'   ><\/div>\n","protected":false},"excerpt":{"rendered":"","protected":false},"author":1,"featured_media":0,"parent":0,"menu_order":0,"comment_status":"closed","ping_status":"closed","template":"","meta":[],"_links":{"self":[{"href":"https:\/\/velamethod.com\/de\/wp-json\/wp\/v2\/pages\/80"}],"collection":[{"href":"https:\/\/velamethod.com\/de\/wp-json\/wp\/v2\/pages"}],"about":[{"href":"https:\/\/velamethod.com\/de\/wp-json\/wp\/v2\/types\/page"}],"author":[{"embeddable":true,"href":"https:\/\/velamethod.com\/de\/wp-json\/wp\/v2\/users\/1"}],"replies":[{"embeddable":true,"href":"https:\/\/velamethod.com\/de\/wp-json\/wp\/v2\/comments?post=80"}],"version-history":[{"count":6,"href":"https:\/\/velamethod.com\/de\/wp-json\/wp\/v2\/pages\/80\/revisions"}],"predecessor-version":[{"id":105,"href":"https:\/\/velamethod.com\/de\/wp-json\/wp\/v2\/pages\/80\/revisions\/105"}],"wp:attachment":[{"href":"https:\/\/velamethod.com\/de\/wp-json\/wp\/v2\/media?parent=80"}],"curies":[{"name":"wp","href":"https:\/\/api.w.org\/{rel}","templated":true}]}}