{"id":69,"date":"2019-12-19T17:02:56","date_gmt":"2019-12-19T17:02:56","guid":{"rendered":"https:\/\/velamethod.com\/home\/"},"modified":"2021-12-02T12:26:32","modified_gmt":"2021-12-02T12:26:32","slug":"inicio","status":"publish","type":"page","link":"https:\/\/velamethod.com\/es\/","title":{"rendered":"Inicio"},"content":{"rendered":"<div class='flex_column av-1mj6p-e3de45758d352982ebe63743ed325f69 av_one_full  avia-builder-el-0  el_before_av_one_full  avia-builder-el-first  first flex_column_div '   ><section  class='av_textblock_section av-qm19-4a71ae6b322d9cd307927ed37ad0cab0 '  itemscope=\"itemscope\" itemtype=\"https:\/\/schema.org\/CreativeWork\" ><div class='avia_textblock '  itemprop=\"text\" ><h1>Vicen Hernandez &#8211; Vela Method<\/h1>\n<\/div><\/section><br \/>\n\n<style type=\"text\/css\" data-created_by=\"avia_inline_auto\" id=\"style-css-av-kwov1zkp-8a778427aa2d2bc9dce1900d0858b0ae\">\n#top .hr.av-kwov1zkp-8a778427aa2d2bc9dce1900d0858b0ae{\nmargin-top:10px;\nmargin-bottom:10px;\n}\n.hr.av-kwov1zkp-8a778427aa2d2bc9dce1900d0858b0ae .hr-inner{\nwidth:100%;\n}\n<\/style>\n<div  class='hr av-kwov1zkp-8a778427aa2d2bc9dce1900d0858b0ae hr-custom  avia-builder-el-2  el_after_av_textblock  el_before_av_textblock  hr-center hr-icon-no '><span class='hr-inner inner-border-av-border-thin'><span class=\"hr-inner-style\"><\/span><\/span><\/div><br \/>\n<section  class='av_textblock_section av-kwousrw8-46f1620cf227a724d95dbe92028106f6 '  itemscope=\"itemscope\" itemtype=\"https:\/\/schema.org\/CreativeWork\" ><div class='avia_textblock '  itemprop=\"text\" ><h2>Resumen<\/h2>\n<p>Vela es un nuevo m\u00e9todo de curado <strong>con pulsos de calor<\/strong>.<\/p>\n<p>Inducemos una condici\u00f3n de tipo fiebre local para <strong>activar el sistema de regeneraci\u00f3n de tejidos del cuerpo<\/strong>.<\/p>\n<p>Las aplicaciones de curaci\u00f3n incluyen <strong>osteoartritis, reumatismo, cicatrizaci\u00f3n de heridas, alivio del dolor y usos cosm\u00e9ticos<\/strong>.<\/p>\n<\/div><\/section><br \/>\n<section  class='av_textblock_section av-kwoux5c7-858d8cc6bc705c0a09a797cb8dc4b6db '  itemscope=\"itemscope\" itemtype=\"https:\/\/schema.org\/CreativeWork\" ><div class='avia_textblock '  itemprop=\"text\" ><h2>\u00bfEn que fase estamos?<\/h2>\n<p>El M\u00e9todo Vela se ha probado <strong>con \u00e9xito<\/strong> en varios casos.<\/p>\n<p>Se ha presentado<strong> la patente<\/strong> y el m\u00e9todo se ha mostrado en varios eventos.<\/p>\n<p>Los siguientes pasos necesarios son la <strong>validaci\u00f3n cl\u00ednica, la creaci\u00f3n de prototipo industrial y el marketing<\/strong>.<\/p>\n<\/div><\/section><br \/>\n<section  class='av_textblock_section av-kwouy1e7-0ff2c7cb88fdcc35a417af21adfe514c '  itemscope=\"itemscope\" itemtype=\"https:\/\/schema.org\/CreativeWork\" ><div class='avia_textblock '  itemprop=\"text\" ><h2>Actividades<\/h2>\n<p>Libro M\u00e9todo Vela publicado<br \/>\nCurar con Calor \/ Curing Fire \/ Heilen mit W\u00e4rme (2019)<\/p>\n<p>Congreso Mundial de Artritis (Viena, mayo de 2020)<br \/>\nAbstracto aceptado sobre la curaci\u00f3n de la artritis de los dedos por el m\u00e9todo Vela<\/p>\n<p>Medica (D\u00fcsseldorf, noviembre de 2019)<br \/>\nVisita a la feria de aparatos m\u00e9dicos m\u00e1s grande del mundo para establecer contactos con la industria para dise\u00f1ar un prototipo de producci\u00f3n.<\/p>\n<p>Congreso SLUSH (Helsinki, diciembre de 2021)<br \/>\nPresentaci\u00f3n del M\u00e9todo Vela en busca de financiaci\u00f3n<\/p>\n<p>Estudio cl\u00ednico 2022 (anticipado con Tufts University, Boston)<\/p>\n<\/div><\/section><br \/>\n<section  class='av_textblock_section av-kwov1fac-47a55133225468f5b304e252e916ee8b '  itemscope=\"itemscope\" itemtype=\"https:\/\/schema.org\/CreativeWork\" ><div class='avia_textblock '  itemprop=\"text\" ><p>Contacto: <a href=\"mailto:info@velamethod.com\">info@velamethod.com<\/a><\/p>\n<\/div><\/section><\/p><\/div>\n<style type=\"text\/css\" data-created_by=\"avia_inline_auto\" id=\"style-css-av-104e9-5c8fdca100fb702b5a11e3e0b1789507\">\n.flex_column.av-104e9-5c8fdca100fb702b5a11e3e0b1789507{\nborder-radius:0px 0px 0px 0px;\n-webkit-border-radius:0px 0px 0px 0px;\n-moz-border-radius:0px 0px 0px 0px;\n}\n<\/style>\n<div class='flex_column av-104e9-5c8fdca100fb702b5a11e3e0b1789507 av_one_full  avia-builder-el-7  el_after_av_one_full  el_before_av_one_fourth  first flex_column_div av-zero-column-padding column-top-margin'   ><section  class='av_textblock_section av-k4d66xzd-ed678d7483847226ff55b43dace769bb '  itemscope=\"itemscope\" itemtype=\"https:\/\/schema.org\/CreativeWork\" ><div class='avia_textblock '  itemprop=\"text\" ><a href=\"https:\/\/velamethod.com\/book\/Curar_con_Calor_A5short.pdf\" class=\"pdfemb-viewer\" style=\"\" data-width=\"max\" data-height=\"max\"  data-toolbar=\"bottom\" data-toolbar-fixed=\"off\">Curar_con_Calor_A5short<br\/><\/a>\n<\/div><\/section><\/div><\/p>\n\n<style type=\"text\/css\" data-created_by=\"avia_inline_auto\" id=\"style-css-av-2cwst-e421da8f5f923d4005e47db279e07719\">\n.flex_column.av-2cwst-e421da8f5f923d4005e47db279e07719{\nborder-radius:0px 0px 0px 0px;\n-webkit-border-radius:0px 0px 0px 0px;\n-moz-border-radius:0px 0px 0px 0px;\n}\n<\/style>\n<div class='flex_column av-2cwst-e421da8f5f923d4005e47db279e07719 av_one_fourth  avia-builder-el-9  el_after_av_one_full  el_before_av_one_half  first flex_column_div av-hide-on-mobile av-zero-column-padding column-top-margin'   ><style type=\"text\/css\" data-created_by=\"avia_inline_auto\" id=\"style-css-av-k4edvfbn-df0993e9d08111f3d7a0e621b0cddcd9\">\n.avia-image-container.av-k4edvfbn-df0993e9d08111f3d7a0e621b0cddcd9 .av-image-caption-overlay-center{\ncolor:#ffffff;\n}\n<\/style>\n<div  class='avia-image-container av-k4edvfbn-df0993e9d08111f3d7a0e621b0cddcd9 av-styling- avia-align-center  avia-builder-el-10  avia-builder-el-no-sibling  '  itemprop=\"image\" itemscope=\"itemscope\" itemtype=\"https:\/\/schema.org\/ImageObject\" ><div class=\"avia-image-container-inner\"><div class=\"avia-image-overlay-wrap\"><img class='wp-image-100 avia-img-lazy-loading-not-100 avia_image' src=\"https:\/\/velamethod.com\/wp-content\/uploads\/2021\/12\/portada_curar_con_calor_es.jpg\" alt='' title='portada_curar_con_calor_es'  height=\"574\" width=\"400\"  itemprop=\"thumbnailUrl\" srcset=\"https:\/\/velamethod.com\/wp-content\/uploads\/2021\/12\/portada_curar_con_calor_es.jpg 400w, https:\/\/velamethod.com\/wp-content\/uploads\/2021\/12\/portada_curar_con_calor_es-209x300.jpg 209w\" sizes=\"(max-width: 400px) 100vw, 400px\" \/><\/div><\/div><\/div><\/div>\n<style type=\"text\/css\" data-created_by=\"avia_inline_auto\" id=\"style-css-av-1er65-b753fdb2b3361c18efa7b93d9335d4a3\">\n.flex_column.av-1er65-b753fdb2b3361c18efa7b93d9335d4a3{\nborder-radius:0px 0px 0px 0px;\n-webkit-border-radius:0px 0px 0px 0px;\n-moz-border-radius:0px 0px 0px 0px;\n}\n<\/style>\n<div class='flex_column av-1er65-b753fdb2b3361c18efa7b93d9335d4a3 av_one_half  avia-builder-el-11  el_after_av_one_fourth  el_before_av_one_fourth  flex_column_div av-zero-column-padding column-top-margin'   ><p><section  class='av_textblock_section av-k4ed8as1-b637625abfdf15cf7990865c1d897aa0 '  itemscope=\"itemscope\" itemtype=\"https:\/\/schema.org\/CreativeWork\" ><div class='avia_textblock '  itemprop=\"text\" ><div class=\"frm_forms  with_frm_style frm_style_formidable-style\" id=\"frm_form_3_container\" >\n<form enctype=\"multipart\/form-data\" method=\"post\" class=\"frm-show-form  frm_pro_form \" id=\"form_buythebook\"  >\n<div class=\"frm_form_fields \">\n<fieldset>\n<legend class=\"frm_screen_reader\">Buy the Book<\/legend>\r\n\r\n<div class=\"frm_description\"><p>Buy the book<\/p>\n<\/div><div class=\"frm_fields_container\">\n<input type=\"hidden\" name=\"frm_action\" value=\"create\" \/>\n<input type=\"hidden\" name=\"form_id\" value=\"3\" \/>\n<input type=\"hidden\" name=\"frm_hide_fields_3\" id=\"frm_hide_fields_3\" value=\"\" \/>\n<input type=\"hidden\" name=\"form_key\" value=\"buythebook\" \/>\n<input type=\"hidden\" name=\"item_meta[0]\" value=\"\" \/>\n<input type=\"hidden\" id=\"frm_submit_entry_3\" name=\"frm_submit_entry_3\" value=\"3acae66e04\" \/><input type=\"hidden\" name=\"_wp_http_referer\" value=\"\/es\/wp-json\/wp\/v2\/pages\/69\" \/><div id=\"frm_field_12_container\" class=\"frm_form_field form-field  frm_required_field frm_top_container\">\r\n    <label for=\"field_jkzy9\" id=\"field_jkzy9_label\" class=\"frm_primary_label\">Name\r\n        <span class=\"frm_required\">*<\/span>\r\n    <\/label>\r\n    <input type=\"text\" id=\"field_jkzy9\" name=\"item_meta[12]\" value=\"\"  data-reqmsg=\"Este campo no puede estar en blanco.\" aria-required=\"true\" data-invmsg=\"Text is invalid\" aria-invalid=\"false\"  \/>\r\n    \r\n    \r\n<\/div>\n<div id=\"frm_field_13_container\" class=\"frm_form_field form-field  frm_required_field frm_top_container\">\r\n    <label for=\"field_fikmg\" id=\"field_fikmg_label\" class=\"frm_primary_label\">Email\r\n        <span class=\"frm_required\">*<\/span>\r\n    <\/label>\r\n    <input type=\"email\" id=\"field_fikmg\" name=\"item_meta[13]\" value=\"\"  data-reqmsg=\"Este campo no puede estar en blanco.\" aria-required=\"true\" data-invmsg=\"Email is invalid\" aria-invalid=\"false\"  \/>\r\n    \r\n    \r\n<\/div>\n\t<input type=\"hidden\" name=\"item_key\" value=\"\" \/>\n\t\t\t\t<div class=\"frm_verify\" aria-hidden=\"true\">\n\t\t\t\t<label for=\"frm_email_3\">\n\t\t\t\t\tSi eres humano, deja este campo en blanco.\t\t\t\t<\/label>\n\t\t\t\t<input type=\"text\" class=\"frm_verify\" id=\"frm_email_3\" name=\"frm_verify\" value=\"\"  \/>\n\t\t\t<\/div>\n\t\t<input name=\"frm_state\" type=\"hidden\" value=\"9pm\/Whhmtfgc1yXGBl5G5qocpXHdyR3IWMMa43GScEc=\" \/><div class=\"frm_submit\">\r\n\r\n<button class=\"frm_button_submit frm_final_submit\" type=\"submit\"   formnovalidate=\"formnovalidate\">Submit<\/button>\r\n\r\n<\/div><\/div>\n<\/fieldset>\n<\/div>\n<\/form>\n<\/div>\n\n<\/div><\/section><br \/>\n<div  class='hr av-1jst1-2b7b894df4d4b381bd8a6659f6488314 hr-default  avia-builder-el-13  el_after_av_textblock  el_before_av_textblock  '><span class='hr-inner '><span class=\"hr-inner-style\"><\/span><\/span><\/div><br \/>\n<section  class='av_textblock_section av-k4d6eetu-b9fc167b62a028e3c8c98de2d17bf4a3 '  itemscope=\"itemscope\" itemtype=\"https:\/\/schema.org\/CreativeWork\" ><div class='avia_textblock '  itemprop=\"text\" ><p style=\"text-align: center;\"><strong>Kontakt<\/strong><\/p>\n<p style=\"text-align: center;\">Metmarkets GmbH&#038;CoKG<\/p>\n<p style=\"text-align: center;\">Muehlenstrasse 51<\/p>\n<p style=\"text-align: center;\">45473 Muelheim<\/p>\n<\/div><\/section><br \/>\n<div  class='hr av-1jst1-2b7b894df4d4b381bd8a6659f6488314 hr-default  avia-builder-el-15  el_after_av_textblock  avia-builder-el-last  '><span class='hr-inner '><span class=\"hr-inner-style\"><\/span><\/span><\/div><\/p><\/div><\/p>\n\n<style type=\"text\/css\" data-created_by=\"avia_inline_auto\" id=\"style-css-av-rwn1-c237e3f532621cf6b8d06e20e0a3dd17\">\n.flex_column.av-rwn1-c237e3f532621cf6b8d06e20e0a3dd17{\nborder-radius:0px 0px 0px 0px;\n-webkit-border-radius:0px 0px 0px 0px;\n-moz-border-radius:0px 0px 0px 0px;\n}\n<\/style>\n<div class='flex_column av-rwn1-c237e3f532621cf6b8d06e20e0a3dd17 av_one_fourth  avia-builder-el-16  el_after_av_one_half  avia-builder-el-last  flex_column_div av-zero-column-padding column-top-margin'   ><\/div>\n","protected":false},"excerpt":{"rendered":"","protected":false},"author":1,"featured_media":0,"parent":0,"menu_order":0,"comment_status":"closed","ping_status":"closed","template":"","meta":[],"_links":{"self":[{"href":"https:\/\/velamethod.com\/es\/wp-json\/wp\/v2\/pages\/69"}],"collection":[{"href":"https:\/\/velamethod.com\/es\/wp-json\/wp\/v2\/pages"}],"about":[{"href":"https:\/\/velamethod.com\/es\/wp-json\/wp\/v2\/types\/page"}],"author":[{"embeddable":true,"href":"https:\/\/velamethod.com\/es\/wp-json\/wp\/v2\/users\/1"}],"replies":[{"embeddable":true,"href":"https:\/\/velamethod.com\/es\/wp-json\/wp\/v2\/comments?post=69"}],"version-history":[{"count":12,"href":"https:\/\/velamethod.com\/es\/wp-json\/wp\/v2\/pages\/69\/revisions"}],"predecessor-version":[{"id":103,"href":"https:\/\/velamethod.com\/es\/wp-json\/wp\/v2\/pages\/69\/revisions\/103"}],"wp:attachment":[{"href":"https:\/\/velamethod.com\/es\/wp-json\/wp\/v2\/media?parent=69"}],"curies":[{"name":"wp","href":"https:\/\/api.w.org\/{rel}","templated":true}]}}